{"id":1487,"date":"2022-03-22T10:12:36","date_gmt":"2022-03-22T09:12:36","guid":{"rendered":"http:\/\/ident-offenbach.de.w01c7b4e.kasserver.com\/?page_id=1487"},"modified":"2024-07-22T14:55:28","modified_gmt":"2024-07-22T12:55:28","slug":"impressum","status":"publish","type":"page","link":"https:\/\/ident-offenbach.de\/en\/impressum\/","title":{"rendered":"Impressum \u2013 Legal Disclosure"},"content":{"rendered":"<section class=\"l-section wpb_row height_medium\"><div class=\"l-section-h i-cf\"><div class=\"g-cols vc_row via_grid cols_1 laptops-cols_inherit tablets-cols_inherit mobiles-cols_1 valign_top type_default stacking_default\"><div class=\"wpb_column vc_column_container\"><div class=\"vc_column-inner\"><h2 style=\"text-align: left\" class=\"vc_custom_heading us_custom_03bcb2d7\" >Impressum \u2013 Legal Disclosure<\/h2><p style=\"text-align: left\" class=\"vc_custom_heading us_custom_0a5af3d6\" >Inhaltlich Verantwortlicher gem\u00e4\u00df \u00a7 5 DDG:<\/p><div class=\"wpb_text_column impressum\"><div class=\"wpb_wrapper\"><p><strong>Dental Practice iDent<\/strong><br \/>\n<strong>represented by Mr Thomas Balogh<\/strong><\/p>\n<p>Aschaffenburger Stra\u00dfe 107<br \/>\n63073 Offenbach am Main<\/p>\n<p>Phone 069 \u2013 83 83 79 79<br \/>\nFax 069 \u2013 83 83 79 78<\/p>\n<p>E-Mail <a href=\"mailto:praxis@ident-offenbach.de\">praxis@ident-offenbach.de<\/a><br \/>\nInternet <a href=\"https:\/\/ident-offenbach.de\/en\/\">www.ident-offenbach.de<\/a><\/p>\n<p><strong>Adaption<br \/>\n<\/strong>webFLEX.digital GmbH &amp; Co. KG<br \/>\nWeb <a href=\"https:\/\/webflex.digital\/\" target=\"_blank\" rel=\"noopener\">www.webflex.digital<\/a><\/p>\n<p><strong>Information on rights of use\/copyright<\/strong><br \/>\n\u00a9 Copyright and licensor for images used is<\/p>\n<p>iStockphoto.com.<br \/>\niStockphoto Inc.<br \/>\nSuite 200 &#8211; 1240 20th Ave SE<br \/>\nCalgary, AB T2G 1M8<br \/>\nCanada<br \/>\nFon: 403.265.3062<\/p>\n<p>The copyright for the entire web design, all graphics, layout and text is held by praxispuls. All rights reserved. All other trademarks, product brands and company names or logos cited on this website are the sole property of their respective owners.<\/p>\n<p><strong>Information according to the German Telemedia Act (TMG)<\/strong><\/p>\n<p>In accordance with Section 5 (1) of the German Telemedia Act, I, Thomas Balogh, provide below the information that must be available on a practice website in accordance with the German Telemedia Act:<\/p>\n<p><strong>Responsible state dental association<\/strong><\/p>\n<p>Landeszahn\u00e4rztekammer Hessen<br \/>\nCorporation under public law<br \/>\nrepresented by the President<br \/>\nHerr Dr. med. Michael Frank<\/p>\n<p>Rhonestra\u00dfe 4<br \/>\n60528 Frankfurt am Main<\/p>\n<p>Telefon 069 &#8211; 42 72 75 0<br \/>\nTelefax 069 &#8211; 42 72 75 105<\/p>\n<p>E-Mail<a href=\"mailto:box@lzkh.de\"> box@lzkh.de<\/a><br \/>\nInternet <a href=\"https:\/\/www.lzkh.de\/\" target=\"_blank\" rel=\"noopener\">www.lzkh.de<\/a><\/p>\n<p><strong>Responsible dental insurance association<\/strong><\/p>\n<p>Kassenzahn\u00e4rztliche Vereinigung Hessen<br \/>\nCorporation under public law<\/p>\n<p>Lyoner Stra\u00dfe 21<br \/>\n60528 Frankfurt am Main<\/p>\n<p>Telefon 069 &#8211; 66 07 0<br \/>\nInternet <a href=\"https:\/\/www.kzvh.de\/index.html\" target=\"_blank\" rel=\"noopener\">www.kzvh.de<\/a><\/p>\n<p><strong>Applicable professional law<\/strong><\/p>\n<p>a) Berufsordnung f\u00fcr hessische Zahn\u00e4rzte<br \/>\nb) Heilberufsgesetz des Landes Hessen<br \/>\nc) Geb\u00fchrenordnung f\u00fcr Zahn\u00e4rzte<br \/>\nd) Zahnheilkundegesetz<\/p>\n<p><strong>Responsible professional code<\/strong><br \/>\n<a href=\"https:\/\/www.lzkh.de\/Content\/Pages\/200\/200C\/Berufsordnung.pdf\" target=\"_blank\" rel=\"noopener\">https:\/\/www.lzkh.de\/Content\/Pages\/200\/200C\/Berufsordnung.pdf<\/a><\/p>\n<p><strong>Job title and authorisation<\/strong><\/p>\n<p>THOMAS BALOGH<br \/>\nDentist<\/p>\n<p>(awarded within the Federal Republic of Germany)<\/p>\n<\/div><\/div><h3 style=\"text-align: left\" class=\"vc_custom_heading us_custom_03bcb2d7\" >Disclaimer<\/h3><div class=\"wpb_text_column impressum\"><div class=\"wpb_wrapper\"><p><strong>Content of the online offer<\/strong><\/p>\n<p>The publisher assumes no liability for the topicality, correctness, completeness or quality of the information provided. Liability claims against the publisher relating to material or immaterial damage caused by the use or non-use of the information provided or by the use of incorrect or incomplete information are fundamentally excluded. The publisher expressly reserves the right to change, supplement or delete parts of the pages or the entire website without prior notice or to temporarily or permanently cease publication.<\/p>\n<p><strong>References and links<\/strong><\/p>\n<p>Despite careful control of the content, we are not liable for the content of external links. The operators of the linked pages are solely responsible for their content. The linked pages were checked for possible legal violations at the time of linking. Illegal content was not recognisable at the time of linking. However, permanent monitoring of the content of the linked pages is not reasonable without concrete evidence of an infringement. If we become aware of any legal infringements, we will remove such links immediately.<\/p>\n<p><strong>Legal validity of this disclaimer<\/strong><\/p>\n<p>This disclaimer is to be regarded as part of the internet publication which you were referred from. If sections or individual terms of this statement are not legal or correct, the content or validity of the other parts remain uninfluenced by this fact.<\/p>\n<p><strong>Copyright<\/strong><\/p>\n<p>The content and works created by the site operators on these pages are subject to German copyright law. Duplication, processing, distribution and any kind of utilisation outside the limits of copyright law require the written consent of the respective author or creator. Downloads and copies of this site are only permitted for private, non-commercial use. Insofar as the content on this site was not created by the operator, the copyrights of third parties are respected. In particular, third-party content is labelled as such. Should you nevertheless become aware of a copyright infringement, please inform us accordingly. If we become aware of any infringements, we will remove such content immediately.<\/p>\n<\/div><\/div><\/div><\/div><\/div><\/div><\/section>","protected":false},"excerpt":{"rendered":"ImpressumInhaltlich Verantwortlicher gem\u00e4\u00df \u00a7 5 DDG:Zahnarztpraxis iDent vertreten durch Herrn Thomas Balogh Aschaffenburger Stra\u00dfe 107 63073 Offenbach am Main Telefon 069 &#8211; 83 83 79 79 Telefax 069 &#8211; 83 83 79 78 E-Mail praxis@ident-offenbach.de Internet www.ident-offenbach.de Anpassungen: webFLEX.digital GmbH &amp; Co. KG Web www.webflex.digital Hinweise auf Nutzungs-\/Copyrightrechte \u00a9 Copyright und Lizenzgeber f\u00fcr verwendete Abbildungen...","protected":false},"author":2,"featured_media":0,"parent":0,"menu_order":0,"comment_status":"closed","ping_status":"closed","template":"","meta":{"footnotes":""},"class_list":["post-1487","page","type-page","status-publish","hentry"],"acf":[],"yoast_head":"<!-- This site is optimized with the Yoast SEO plugin v27.5 - https:\/\/yoast.com\/product\/yoast-seo-wordpress\/ -->\n<title>Zahnarztpraxis iDent in Offenbach-Bieber \u2013 Impressum<\/title>\n<meta name=\"description\" content=\"|Impressum | Zahnarztpraxis | iDent | vertreten durch Herr Thomas Balogh. F\u00fcr Erwachsene, Kinder, Senioren, Angstpatienten \u2013 der richtige Ort!\" \/>\n<meta name=\"robots\" content=\"index, follow, max-snippet:-1, max-image-preview:large, max-video-preview:-1\" \/>\n<link rel=\"canonical\" href=\"https:\/\/ident-offenbach.de\/en\/impressum\/\" \/>\n<meta property=\"og:locale\" content=\"en_GB\" \/>\n<meta property=\"og:type\" content=\"article\" \/>\n<meta property=\"og:title\" content=\"Zahnarztpraxis iDent in Offenbach-Bieber \u2013 Impressum\" \/>\n<meta property=\"og:description\" content=\"|Impressum | Zahnarztpraxis | iDent | vertreten durch Herr Thomas Balogh. F\u00fcr Erwachsene, Kinder, Senioren, Angstpatienten \u2013 der richtige Ort!\" \/>\n<meta property=\"og:url\" content=\"https:\/\/ident-offenbach.de\/en\/impressum\/\" \/>\n<meta property=\"og:site_name\" content=\"Zahnarzt Offenbach Bieber | Zahnarztpraxis iDent\" \/>\n<meta property=\"article:publisher\" content=\"https:\/\/www.facebook.com\/ZahnarztpraxisiDent\/\" \/>\n<meta property=\"article:modified_time\" content=\"2024-07-22T12:55:28+00:00\" \/>\n<meta name=\"twitter:card\" content=\"summary_large_image\" \/>\n<meta name=\"twitter:label1\" content=\"Estimated reading time\" \/>\n\t<meta name=\"twitter:data1\" content=\"4 minutes\" \/>\n<script type=\"application\/ld+json\" class=\"yoast-schema-graph\">{\"@context\":\"https:\\\/\\\/schema.org\",\"@graph\":[{\"@type\":\"WebPage\",\"@id\":\"https:\\\/\\\/ident-offenbach.de\\\/impressum\\\/\",\"url\":\"https:\\\/\\\/ident-offenbach.de\\\/impressum\\\/\",\"name\":\"Zahnarztpraxis iDent in Offenbach-Bieber \u2013 Impressum\",\"isPartOf\":{\"@id\":\"https:\\\/\\\/ident-offenbach.de\\\/#website\"},\"datePublished\":\"2022-03-22T09:12:36+00:00\",\"dateModified\":\"2024-07-22T12:55:28+00:00\",\"description\":\"|Impressum | Zahnarztpraxis | iDent | vertreten durch Herr Thomas Balogh. F\u00fcr Erwachsene, Kinder, Senioren, Angstpatienten \u2013 der richtige Ort!\",\"breadcrumb\":{\"@id\":\"https:\\\/\\\/ident-offenbach.de\\\/impressum\\\/#breadcrumb\"},\"inLanguage\":\"en-GB\",\"potentialAction\":[{\"@type\":\"ReadAction\",\"target\":[\"https:\\\/\\\/ident-offenbach.de\\\/impressum\\\/\"]}]},{\"@type\":\"BreadcrumbList\",\"@id\":\"https:\\\/\\\/ident-offenbach.de\\\/impressum\\\/#breadcrumb\",\"itemListElement\":[{\"@type\":\"ListItem\",\"position\":1,\"name\":\"Startseite\",\"item\":\"https:\\\/\\\/ident-offenbach.de\\\/\"},{\"@type\":\"ListItem\",\"position\":2,\"name\":\"Impressum\"}]},{\"@type\":\"WebSite\",\"@id\":\"https:\\\/\\\/ident-offenbach.de\\\/#website\",\"url\":\"https:\\\/\\\/ident-offenbach.de\\\/\",\"name\":\"Zahnarzt Offenbach Bieber | Zahnarztpraxis iDent\",\"description\":\"Thomas Balogh &amp; Kollegen\",\"publisher\":{\"@id\":\"https:\\\/\\\/ident-offenbach.de\\\/#organization\"},\"potentialAction\":[{\"@type\":\"SearchAction\",\"target\":{\"@type\":\"EntryPoint\",\"urlTemplate\":\"https:\\\/\\\/ident-offenbach.de\\\/?s={search_term_string}\"},\"query-input\":{\"@type\":\"PropertyValueSpecification\",\"valueRequired\":true,\"valueName\":\"search_term_string\"}}],\"inLanguage\":\"en-GB\"},{\"@type\":\"Organization\",\"@id\":\"https:\\\/\\\/ident-offenbach.de\\\/#organization\",\"name\":\"Zahnarztpraxis iDent Thomas Balogh und Kollegen\",\"url\":\"https:\\\/\\\/ident-offenbach.de\\\/\",\"logo\":{\"@type\":\"ImageObject\",\"inLanguage\":\"en-GB\",\"@id\":\"https:\\\/\\\/ident-offenbach.de\\\/#\\\/schema\\\/logo\\\/image\\\/\",\"url\":\"https:\\\/\\\/ident-offenbach.de\\\/wp-content\\\/uploads\\\/2022\\\/04\\\/ident-logo.png\",\"contentUrl\":\"https:\\\/\\\/ident-offenbach.de\\\/wp-content\\\/uploads\\\/2022\\\/04\\\/ident-logo.png\",\"width\":627,\"height\":283,\"caption\":\"Zahnarztpraxis iDent Thomas Balogh und Kollegen\"},\"image\":{\"@id\":\"https:\\\/\\\/ident-offenbach.de\\\/#\\\/schema\\\/logo\\\/image\\\/\"},\"sameAs\":[\"https:\\\/\\\/www.facebook.com\\\/ZahnarztpraxisiDent\\\/\",\"https:\\\/\\\/www.instagram.com\\\/zahnarztpraxis_ident\\\/\"]}]}<\/script>\n<!-- \/ Yoast SEO plugin. -->","yoast_head_json":{"title":"Zahnarztpraxis iDent in Offenbach-Bieber \u2013 Impressum","description":"|Impressum | Zahnarztpraxis | iDent | vertreten durch Herr Thomas Balogh. F\u00fcr Erwachsene, Kinder, Senioren, Angstpatienten \u2013 der richtige Ort!","robots":{"index":"index","follow":"follow","max-snippet":"max-snippet:-1","max-image-preview":"max-image-preview:large","max-video-preview":"max-video-preview:-1"},"canonical":"https:\/\/ident-offenbach.de\/en\/impressum\/","og_locale":"en_GB","og_type":"article","og_title":"Zahnarztpraxis iDent in Offenbach-Bieber \u2013 Impressum","og_description":"|Impressum | Zahnarztpraxis | iDent | vertreten durch Herr Thomas Balogh. F\u00fcr Erwachsene, Kinder, Senioren, Angstpatienten \u2013 der richtige Ort!","og_url":"https:\/\/ident-offenbach.de\/en\/impressum\/","og_site_name":"Zahnarzt Offenbach Bieber | Zahnarztpraxis iDent","article_publisher":"https:\/\/www.facebook.com\/ZahnarztpraxisiDent\/","article_modified_time":"2024-07-22T12:55:28+00:00","twitter_card":"summary_large_image","twitter_misc":{"Estimated reading time":"4 minutes"},"schema":{"@context":"https:\/\/schema.org","@graph":[{"@type":"WebPage","@id":"https:\/\/ident-offenbach.de\/impressum\/","url":"https:\/\/ident-offenbach.de\/impressum\/","name":"Zahnarztpraxis iDent in Offenbach-Bieber \u2013 Impressum","isPartOf":{"@id":"https:\/\/ident-offenbach.de\/#website"},"datePublished":"2022-03-22T09:12:36+00:00","dateModified":"2024-07-22T12:55:28+00:00","description":"|Impressum | Zahnarztpraxis | iDent | vertreten durch Herr Thomas Balogh. F\u00fcr Erwachsene, Kinder, Senioren, Angstpatienten \u2013 der richtige Ort!","breadcrumb":{"@id":"https:\/\/ident-offenbach.de\/impressum\/#breadcrumb"},"inLanguage":"en-GB","potentialAction":[{"@type":"ReadAction","target":["https:\/\/ident-offenbach.de\/impressum\/"]}]},{"@type":"BreadcrumbList","@id":"https:\/\/ident-offenbach.de\/impressum\/#breadcrumb","itemListElement":[{"@type":"ListItem","position":1,"name":"Startseite","item":"https:\/\/ident-offenbach.de\/"},{"@type":"ListItem","position":2,"name":"Impressum"}]},{"@type":"WebSite","@id":"https:\/\/ident-offenbach.de\/#website","url":"https:\/\/ident-offenbach.de\/","name":"Zahnarzt Offenbach Bieber | Zahnarztpraxis iDent","description":"Thomas Balogh &amp; Kollegen","publisher":{"@id":"https:\/\/ident-offenbach.de\/#organization"},"potentialAction":[{"@type":"SearchAction","target":{"@type":"EntryPoint","urlTemplate":"https:\/\/ident-offenbach.de\/?s={search_term_string}"},"query-input":{"@type":"PropertyValueSpecification","valueRequired":true,"valueName":"search_term_string"}}],"inLanguage":"en-GB"},{"@type":"Organization","@id":"https:\/\/ident-offenbach.de\/#organization","name":"Zahnarztpraxis iDent Thomas Balogh und Kollegen","url":"https:\/\/ident-offenbach.de\/","logo":{"@type":"ImageObject","inLanguage":"en-GB","@id":"https:\/\/ident-offenbach.de\/#\/schema\/logo\/image\/","url":"https:\/\/ident-offenbach.de\/wp-content\/uploads\/2022\/04\/ident-logo.png","contentUrl":"https:\/\/ident-offenbach.de\/wp-content\/uploads\/2022\/04\/ident-logo.png","width":627,"height":283,"caption":"Zahnarztpraxis iDent Thomas Balogh und Kollegen"},"image":{"@id":"https:\/\/ident-offenbach.de\/#\/schema\/logo\/image\/"},"sameAs":["https:\/\/www.facebook.com\/ZahnarztpraxisiDent\/","https:\/\/www.instagram.com\/zahnarztpraxis_ident\/"]}]}},"_links":{"self":[{"href":"https:\/\/ident-offenbach.de\/en\/wp-json\/wp\/v2\/pages\/1487","targetHints":{"allow":["GET"]}}],"collection":[{"href":"https:\/\/ident-offenbach.de\/en\/wp-json\/wp\/v2\/pages"}],"about":[{"href":"https:\/\/ident-offenbach.de\/en\/wp-json\/wp\/v2\/types\/page"}],"author":[{"embeddable":true,"href":"https:\/\/ident-offenbach.de\/en\/wp-json\/wp\/v2\/users\/2"}],"replies":[{"embeddable":true,"href":"https:\/\/ident-offenbach.de\/en\/wp-json\/wp\/v2\/comments?post=1487"}],"version-history":[{"count":10,"href":"https:\/\/ident-offenbach.de\/en\/wp-json\/wp\/v2\/pages\/1487\/revisions"}],"predecessor-version":[{"id":3276,"href":"https:\/\/ident-offenbach.de\/en\/wp-json\/wp\/v2\/pages\/1487\/revisions\/3276"}],"wp:attachment":[{"href":"https:\/\/ident-offenbach.de\/en\/wp-json\/wp\/v2\/media?parent=1487"}],"curies":[{"name":"wp","href":"https:\/\/api.w.org\/{rel}","templated":true}]}}