{"id":1498,"date":"2022-03-22T10:19:16","date_gmt":"2022-03-22T09:19:16","guid":{"rendered":"http:\/\/ident-offenbach.de.w01c7b4e.kasserver.com\/?page_id=1498"},"modified":"2022-06-14T09:35:48","modified_gmt":"2022-06-14T07:35:48","slug":"1-besuch","status":"publish","type":"page","link":"https:\/\/ident-offenbach.de\/en\/1-besuch\/","title":{"rendered":"1. visit"},"content":{"rendered":"<section class=\"l-section wpb_row us_custom_821ea863  hide_on_default hide_on_laptops hide_on_tablets height_auto width_full\"><div class=\"l-section-h i-cf\"><div class=\"g-cols vc_row via_grid cols_1 laptops-cols_inherit tablets-cols_inherit mobiles-cols_1 valign_top type_default stacking_default\"><div class=\"wpb_column vc_column_container\"><div class=\"vc_column-inner\"><div class=\"w-image us_custom_821ea863 align_none\"><div class=\"w-image-h\"><img decoding=\"async\" width=\"640\" height=\"654\" data-src=\"https:\/\/ident-offenbach.de\/wp-content\/uploads\/2022\/03\/Zahnarztpraxis-iDent-Offenbach-Bieber-mobil.png\" class=\"attachment-full size-full lazyload\" alt=\"\" data-srcset=\"https:\/\/ident-offenbach.de\/wp-content\/uploads\/2022\/03\/Zahnarztpraxis-iDent-Offenbach-Bieber-mobil.png 640w, https:\/\/ident-offenbach.de\/wp-content\/uploads\/2022\/03\/Zahnarztpraxis-iDent-Offenbach-Bieber-mobil-294x300.png 294w\" data-sizes=\"(max-width: 640px) 100vw, 640px\" src=\"data:image\/svg+xml;base64,PHN2ZyB3aWR0aD0iMSIgaGVpZ2h0PSIxIiB4bWxucz0iaHR0cDovL3d3dy53My5vcmcvMjAwMC9zdmciPjwvc3ZnPg==\" style=\"--smush-placeholder-width: 640px; --smush-placeholder-aspect-ratio: 640\/654;\" \/><\/div><\/div><\/div><\/div><\/div><\/div><\/section><section class=\"l-section wpb_row us_custom_1a5ae562 height_medium full_height valign_center\"><div class=\"l-section-h i-cf\"><div class=\"g-cols vc_row via_grid cols_1 laptops-cols_inherit tablets-cols_inherit mobiles-cols_1 valign_top type_default stacking_default\"><div class=\"wpb_column vc_column_container\"><div class=\"vc_column-inner\"><div class=\"w-separator  hide_on_mobiles size_custom\" style=\"height:4rem\"><\/div><div class=\"g-cols wpb_row us_custom_2762f9a4 via_grid cols_1 laptops-cols_inherit tablets-cols_inherit mobiles-cols_1 valign_top type_default stacking_default\"><div class=\"wpb_column vc_column_container\"><div class=\"vc_column-inner\"><h2 style=\"text-align: left\" class=\"vc_custom_heading us_custom_b64b851a\" >Your first visit<\/h2><h3 style=\"text-align: left\" class=\"vc_custom_heading us_custom_d2f64ef9\" >to our dental practice<\/h3><div class=\"wpb_text_column us_custom_1c0a1ae5 has_text_color\"><div class=\"wpb_wrapper\"><p>HEALTH-INSURED AND PRIVATE PATIENTS<strong><br \/>\n<\/strong><\/p>\n<\/div><\/div><div class=\"wpb_text_column\"><div class=\"wpb_wrapper\"><p><strong>How to find us<\/strong><br \/>\nAschaffenburger Stra\u00dfe 107<br \/>\n63073 Offenbach am Main<\/p>\n<\/div><\/div><div class=\"w-hwrapper us_custom_66a73af2 align_none valign_middle\" style=\"--hwrapper-gap:1rem\"><div class=\"w-image us_custom_8e90915f align_none\"><div class=\"w-image-h\"><img decoding=\"async\" width=\"34\" height=\"34\" data-src=\"https:\/\/ident-offenbach.de\/wp-content\/uploads\/2022\/03\/parkplatz.png\" class=\"attachment-full size-full lazyload\" alt=\"\" src=\"data:image\/svg+xml;base64,PHN2ZyB3aWR0aD0iMSIgaGVpZ2h0PSIxIiB4bWxucz0iaHR0cDovL3d3dy53My5vcmcvMjAwMC9zdmciPjwvc3ZnPg==\" style=\"--smush-placeholder-width: 34px; --smush-placeholder-aspect-ratio: 34\/34;\" \/><\/div><\/div><div class=\"wpb_text_column us_custom_2366e44a\"><div class=\"wpb_wrapper\"><p><strong>Free parking<\/strong> (without time limit) right next to the practice with barrier-free access to the building<\/p>\n<\/div><\/div><\/div><div class=\"w-hwrapper us_custom_a21c8b6f align_none valign_top wrap\" style=\"--hwrapper-gap:0.8rem\"><div class=\"w-btn-wrapper align_none\"><a class=\"w-btn us-btn-style_2\" target=\"_blank\" rel=\"nofollow noopener\" href=\"https:\/\/g.page\/ZahnarztpraxisiDent?share\"><span class=\"w-btn-label\">Plan your journey<\/span><\/a><\/div><div class=\"w-btn-wrapper align_none\"><a class=\"w-btn us-btn-style_3\" href=\"\/en\/online-anamnese\/\"><span class=\"w-btn-label\">Online anamnesis<\/span><\/a><\/div><\/div><div class=\"wpb_text_column\"><div class=\"wpb_wrapper\"><p><strong>BY BUS \/ TRAIN<\/strong><br \/>\nYou will find us in the centre of Offenbach-Bieber with many public transport connections in the immediate vicinity of our practice. The nearest bus stop to our practice is \"Grazer Stra\u00dfe\", from where you can easily walk to us.<\/p>\n<p><strong>By car<\/strong><br \/>\nYou can reach us by following the A661 motorway in the direction of Bad Homburg. After taking exit 16-Offenbach-Taunusring, drive along Taunusring\/B43 and turn right onto Bieberer Str.\/B448. You will then reach Aschaffenburger Str.<\/p>\n<p><strong>By plane<\/strong><br \/>\nThanks to our geographical proximity to the airport, you can also visit us very conveniently by plane. The journey from Frankfurt Airport takes only 20 minutes by car. Have a pleasant journey.<\/p>\n<\/div><\/div><\/div><\/div><\/div><\/div><\/div><\/div><\/div><\/section><section class=\"l-section wpb_row us_custom_0ffbfcb1  hide_on_tablets hide_on_mobiles height_medium\"><div class=\"l-section-h i-cf\"><div class=\"g-cols vc_row via_grid cols_1 laptops-cols_inherit tablets-cols_inherit mobiles-cols_1 valign_top type_default stacking_default\"><div class=\"wpb_column vc_column_container\"><div class=\"vc_column-inner\"><div class=\"w-separator size_custom\" style=\"height:8.5rem\"><\/div><div  class=\"wpb_widgetised_column wpb_content_element\">\n\t\t<div class=\"wpb_wrapper\">\n\t\t\t\n\t\t\t<div id=\"text-4\" class=\"widget widget_text\">\t\t\t<div class=\"textwidget\"><p><a href=\"\/en\/spektrum\/\"><\/p>\n<div style=\"text-align: center;\"><img decoding=\"async\" class=\"alignnone wp-image-1482 lazyload\" data-src=\"https:\/\/ident-offenbach.de\/wp-content\/uploads\/2022\/03\/icon_0005_Ebene-7.png\" alt=\"\" width=\"30\" height=\"30\" src=\"data:image\/svg+xml;base64,PHN2ZyB3aWR0aD0iMSIgaGVpZ2h0PSIxIiB4bWxucz0iaHR0cDovL3d3dy53My5vcmcvMjAwMC9zdmciPjwvc3ZnPg==\" style=\"--smush-placeholder-width: 30px; --smush-placeholder-aspect-ratio: 30\/30;\" \/><br \/>\nspectrum<\/div>\n<p><\/a><\/p>\n<\/div>\n\t\t<\/div><div id=\"text-9\" class=\"widget widget_text\">\t\t\t<div class=\"textwidget\"><p><a href=\"\/en\/termin\/\"><\/p>\n<div style=\"text-align: center;\"><img decoding=\"async\" class=\"alignnone wp-image-1486 lazyload\" data-src=\"https:\/\/ident-offenbach.de\/wp-content\/uploads\/2022\/03\/icon_0004_Ebene-8.png\" alt=\"\" width=\"30\" height=\"30\" src=\"data:image\/svg+xml;base64,PHN2ZyB3aWR0aD0iMSIgaGVpZ2h0PSIxIiB4bWxucz0iaHR0cDovL3d3dy53My5vcmcvMjAwMC9zdmciPjwvc3ZnPg==\" style=\"--smush-placeholder-width: 30px; --smush-placeholder-aspect-ratio: 30\/30;\" \/><br \/>\nAppointment<\/div>\n<p><\/a><\/p>\n<\/div>\n\t\t<\/div><div id=\"text-10\" class=\"widget widget_text\">\t\t\t<div class=\"textwidget\"><p><a href=\"\/en\/1-besuch\/\"><\/p>\n<div style=\"text-align: center;\"><img decoding=\"async\" class=\"alignnone wp-image-1485 lazyload\" data-src=\"https:\/\/ident-offenbach.de\/wp-content\/uploads\/2022\/03\/icon_0003_Ebene-9.png\" alt=\"\" width=\"30\" height=\"30\" src=\"data:image\/svg+xml;base64,PHN2ZyB3aWR0aD0iMSIgaGVpZ2h0PSIxIiB4bWxucz0iaHR0cDovL3d3dy53My5vcmcvMjAwMC9zdmciPjwvc3ZnPg==\" style=\"--smush-placeholder-width: 30px; --smush-placeholder-aspect-ratio: 30\/30;\" \/><br \/>\n1. visit<\/div>\n<p><\/a><\/p>\n<\/div>\n\t\t<\/div><div id=\"text-11\" class=\"widget widget_text\">\t\t\t<div class=\"textwidget\"><p><a href=\"\/en\/sprechzeiten\/\"><\/p>\n<div style=\"text-align: center;\"><img decoding=\"async\" class=\"alignnone wp-image-1484 lazyload\" data-src=\"https:\/\/ident-offenbach.de\/wp-content\/uploads\/2022\/03\/icon_0002_Ebene-10.png\" alt=\"\" width=\"30\" height=\"30\" src=\"data:image\/svg+xml;base64,PHN2ZyB3aWR0aD0iMSIgaGVpZ2h0PSIxIiB4bWxucz0iaHR0cDovL3d3dy53My5vcmcvMjAwMC9zdmciPjwvc3ZnPg==\" style=\"--smush-placeholder-width: 30px; --smush-placeholder-aspect-ratio: 30\/30;\" \/><br \/>\nConsultation hours<\/div>\n<p><\/a><\/p>\n<\/div>\n\t\t<\/div><div id=\"text-12\" class=\"widget widget_text\">\t\t\t<div class=\"textwidget\"><p><a href=\"\/en\/ich-habe-eine-frage\/\"><\/p>\n<div style=\"text-align: center;\"><img decoding=\"async\" class=\"alignnone wp-image-1483 lazyload\" data-src=\"https:\/\/ident-offenbach.de\/wp-content\/uploads\/2022\/03\/icon_0001_Ebene-11.png\" alt=\"\" width=\"30\" height=\"30\" src=\"data:image\/svg+xml;base64,PHN2ZyB3aWR0aD0iMSIgaGVpZ2h0PSIxIiB4bWxucz0iaHR0cDovL3d3dy53My5vcmcvMjAwMC9zdmciPjwvc3ZnPg==\" style=\"--smush-placeholder-width: 30px; --smush-placeholder-aspect-ratio: 30\/30;\" \/><br \/>\nI have<br \/>\na question<\/div>\n<p><\/a><\/p>\n<\/div>\n\t\t<\/div>\n\t\t<\/div>\n\t<\/div>\n<\/div><\/div><\/div><\/div><\/section>","protected":false},"excerpt":{"rendered":"Ihr erster BesuchIn unserer PraxisKassen- und Privatpatienten Ihr Weg zu uns Aschaffenburger Stra\u00dfe 107 63073 Offenbach am Main Kostenfreie Parkpl\u00e4tze (ohne Zeitbegrenzung) direkt an der Praxis mit barrierefreiem Zugang zum Geb\u00e4ude Anfahrt planenOnline AnamneseMIT DEM BUS \/ BAHN Sie finden uns zentral in Offenbach-Bieber mit vielen \u00f6ffentlichen Verkehrsanbindungen in unmittelbarer N\u00e4he zu unserer Praxis. Die...","protected":false},"author":2,"featured_media":0,"parent":0,"menu_order":0,"comment_status":"closed","ping_status":"closed","template":"","meta":{"footnotes":""},"class_list":["post-1498","page","type-page","status-publish","hentry"],"acf":[],"yoast_head":"<!-- This site is optimized with the Yoast SEO plugin v27.5 - https:\/\/yoast.com\/product\/yoast-seo-wordpress\/ -->\n<title>Ihr erster Besuch in unserer Praxis<\/title>\n<meta name=\"description\" content=\"Kostenfreie Parkpl\u00e4tze (ohne Zeitbegrenzung) direkt an der Praxis mit barrierefreiem Zugang zum Geb\u00e4ude.\" \/>\n<meta name=\"robots\" content=\"index, follow, max-snippet:-1, max-image-preview:large, max-video-preview:-1\" \/>\n<link rel=\"canonical\" href=\"https:\/\/ident-offenbach.de\/en\/1-besuch\/\" \/>\n<meta property=\"og:locale\" content=\"en_GB\" \/>\n<meta property=\"og:type\" content=\"article\" \/>\n<meta property=\"og:title\" content=\"Ihr erster Besuch in unserer Praxis\" \/>\n<meta property=\"og:description\" content=\"Kostenfreie Parkpl\u00e4tze (ohne Zeitbegrenzung) direkt an der Praxis mit barrierefreiem Zugang zum Geb\u00e4ude.\" \/>\n<meta property=\"og:url\" content=\"https:\/\/ident-offenbach.de\/en\/1-besuch\/\" \/>\n<meta property=\"og:site_name\" content=\"Zahnarzt Offenbach Bieber | Zahnarztpraxis iDent\" \/>\n<meta property=\"article:publisher\" content=\"https:\/\/www.facebook.com\/ZahnarztpraxisiDent\/\" \/>\n<meta property=\"article:modified_time\" content=\"2022-06-14T07:35:48+00:00\" \/>\n<meta name=\"twitter:card\" content=\"summary_large_image\" \/>\n<meta name=\"twitter:label1\" content=\"Estimated reading time\" \/>\n\t<meta name=\"twitter:data1\" content=\"2 minutes\" \/>\n<script type=\"application\/ld+json\" class=\"yoast-schema-graph\">{\"@context\":\"https:\\\/\\\/schema.org\",\"@graph\":[{\"@type\":\"WebPage\",\"@id\":\"https:\\\/\\\/ident-offenbach.de\\\/1-besuch\\\/\",\"url\":\"https:\\\/\\\/ident-offenbach.de\\\/1-besuch\\\/\",\"name\":\"Ihr erster Besuch in unserer Praxis\",\"isPartOf\":{\"@id\":\"https:\\\/\\\/ident-offenbach.de\\\/#website\"},\"datePublished\":\"2022-03-22T09:19:16+00:00\",\"dateModified\":\"2022-06-14T07:35:48+00:00\",\"description\":\"Kostenfreie Parkpl\u00e4tze (ohne Zeitbegrenzung) direkt an der Praxis mit barrierefreiem Zugang zum Geb\u00e4ude.\",\"breadcrumb\":{\"@id\":\"https:\\\/\\\/ident-offenbach.de\\\/1-besuch\\\/#breadcrumb\"},\"inLanguage\":\"en-GB\",\"potentialAction\":[{\"@type\":\"ReadAction\",\"target\":[\"https:\\\/\\\/ident-offenbach.de\\\/1-besuch\\\/\"]}]},{\"@type\":\"BreadcrumbList\",\"@id\":\"https:\\\/\\\/ident-offenbach.de\\\/1-besuch\\\/#breadcrumb\",\"itemListElement\":[{\"@type\":\"ListItem\",\"position\":1,\"name\":\"Startseite\",\"item\":\"https:\\\/\\\/ident-offenbach.de\\\/\"},{\"@type\":\"ListItem\",\"position\":2,\"name\":\"1 Besuch\"}]},{\"@type\":\"WebSite\",\"@id\":\"https:\\\/\\\/ident-offenbach.de\\\/#website\",\"url\":\"https:\\\/\\\/ident-offenbach.de\\\/\",\"name\":\"Zahnarzt Offenbach Bieber | Zahnarztpraxis iDent\",\"description\":\"Thomas Balogh &amp; Kollegen\",\"publisher\":{\"@id\":\"https:\\\/\\\/ident-offenbach.de\\\/#organization\"},\"potentialAction\":[{\"@type\":\"SearchAction\",\"target\":{\"@type\":\"EntryPoint\",\"urlTemplate\":\"https:\\\/\\\/ident-offenbach.de\\\/?s={search_term_string}\"},\"query-input\":{\"@type\":\"PropertyValueSpecification\",\"valueRequired\":true,\"valueName\":\"search_term_string\"}}],\"inLanguage\":\"en-GB\"},{\"@type\":\"Organization\",\"@id\":\"https:\\\/\\\/ident-offenbach.de\\\/#organization\",\"name\":\"Zahnarztpraxis iDent Thomas Balogh und Kollegen\",\"url\":\"https:\\\/\\\/ident-offenbach.de\\\/\",\"logo\":{\"@type\":\"ImageObject\",\"inLanguage\":\"en-GB\",\"@id\":\"https:\\\/\\\/ident-offenbach.de\\\/#\\\/schema\\\/logo\\\/image\\\/\",\"url\":\"https:\\\/\\\/ident-offenbach.de\\\/wp-content\\\/uploads\\\/2022\\\/04\\\/ident-logo.png\",\"contentUrl\":\"https:\\\/\\\/ident-offenbach.de\\\/wp-content\\\/uploads\\\/2022\\\/04\\\/ident-logo.png\",\"width\":627,\"height\":283,\"caption\":\"Zahnarztpraxis iDent Thomas Balogh und Kollegen\"},\"image\":{\"@id\":\"https:\\\/\\\/ident-offenbach.de\\\/#\\\/schema\\\/logo\\\/image\\\/\"},\"sameAs\":[\"https:\\\/\\\/www.facebook.com\\\/ZahnarztpraxisiDent\\\/\",\"https:\\\/\\\/www.instagram.com\\\/zahnarztpraxis_ident\\\/\"]}]}<\/script>\n<!-- \/ Yoast SEO plugin. -->","yoast_head_json":{"title":"Ihr erster Besuch in unserer Praxis","description":"Kostenfreie Parkpl\u00e4tze (ohne Zeitbegrenzung) direkt an der Praxis mit barrierefreiem Zugang zum Geb\u00e4ude.","robots":{"index":"index","follow":"follow","max-snippet":"max-snippet:-1","max-image-preview":"max-image-preview:large","max-video-preview":"max-video-preview:-1"},"canonical":"https:\/\/ident-offenbach.de\/en\/1-besuch\/","og_locale":"en_GB","og_type":"article","og_title":"Ihr erster Besuch in unserer Praxis","og_description":"Kostenfreie Parkpl\u00e4tze (ohne Zeitbegrenzung) direkt an der Praxis mit barrierefreiem Zugang zum Geb\u00e4ude.","og_url":"https:\/\/ident-offenbach.de\/en\/1-besuch\/","og_site_name":"Zahnarzt Offenbach Bieber | Zahnarztpraxis iDent","article_publisher":"https:\/\/www.facebook.com\/ZahnarztpraxisiDent\/","article_modified_time":"2022-06-14T07:35:48+00:00","twitter_card":"summary_large_image","twitter_misc":{"Estimated reading time":"2 minutes"},"schema":{"@context":"https:\/\/schema.org","@graph":[{"@type":"WebPage","@id":"https:\/\/ident-offenbach.de\/1-besuch\/","url":"https:\/\/ident-offenbach.de\/1-besuch\/","name":"Ihr erster Besuch in unserer Praxis","isPartOf":{"@id":"https:\/\/ident-offenbach.de\/#website"},"datePublished":"2022-03-22T09:19:16+00:00","dateModified":"2022-06-14T07:35:48+00:00","description":"Kostenfreie Parkpl\u00e4tze (ohne Zeitbegrenzung) direkt an der Praxis mit barrierefreiem Zugang zum Geb\u00e4ude.","breadcrumb":{"@id":"https:\/\/ident-offenbach.de\/1-besuch\/#breadcrumb"},"inLanguage":"en-GB","potentialAction":[{"@type":"ReadAction","target":["https:\/\/ident-offenbach.de\/1-besuch\/"]}]},{"@type":"BreadcrumbList","@id":"https:\/\/ident-offenbach.de\/1-besuch\/#breadcrumb","itemListElement":[{"@type":"ListItem","position":1,"name":"Startseite","item":"https:\/\/ident-offenbach.de\/"},{"@type":"ListItem","position":2,"name":"1 Besuch"}]},{"@type":"WebSite","@id":"https:\/\/ident-offenbach.de\/#website","url":"https:\/\/ident-offenbach.de\/","name":"Zahnarzt Offenbach Bieber | Zahnarztpraxis iDent","description":"Thomas Balogh &amp; Kollegen","publisher":{"@id":"https:\/\/ident-offenbach.de\/#organization"},"potentialAction":[{"@type":"SearchAction","target":{"@type":"EntryPoint","urlTemplate":"https:\/\/ident-offenbach.de\/?s={search_term_string}"},"query-input":{"@type":"PropertyValueSpecification","valueRequired":true,"valueName":"search_term_string"}}],"inLanguage":"en-GB"},{"@type":"Organization","@id":"https:\/\/ident-offenbach.de\/#organization","name":"Zahnarztpraxis iDent Thomas Balogh und Kollegen","url":"https:\/\/ident-offenbach.de\/","logo":{"@type":"ImageObject","inLanguage":"en-GB","@id":"https:\/\/ident-offenbach.de\/#\/schema\/logo\/image\/","url":"https:\/\/ident-offenbach.de\/wp-content\/uploads\/2022\/04\/ident-logo.png","contentUrl":"https:\/\/ident-offenbach.de\/wp-content\/uploads\/2022\/04\/ident-logo.png","width":627,"height":283,"caption":"Zahnarztpraxis iDent Thomas Balogh und Kollegen"},"image":{"@id":"https:\/\/ident-offenbach.de\/#\/schema\/logo\/image\/"},"sameAs":["https:\/\/www.facebook.com\/ZahnarztpraxisiDent\/","https:\/\/www.instagram.com\/zahnarztpraxis_ident\/"]}]}},"_links":{"self":[{"href":"https:\/\/ident-offenbach.de\/en\/wp-json\/wp\/v2\/pages\/1498","targetHints":{"allow":["GET"]}}],"collection":[{"href":"https:\/\/ident-offenbach.de\/en\/wp-json\/wp\/v2\/pages"}],"about":[{"href":"https:\/\/ident-offenbach.de\/en\/wp-json\/wp\/v2\/types\/page"}],"author":[{"embeddable":true,"href":"https:\/\/ident-offenbach.de\/en\/wp-json\/wp\/v2\/users\/2"}],"replies":[{"embeddable":true,"href":"https:\/\/ident-offenbach.de\/en\/wp-json\/wp\/v2\/comments?post=1498"}],"version-history":[{"count":10,"href":"https:\/\/ident-offenbach.de\/en\/wp-json\/wp\/v2\/pages\/1498\/revisions"}],"predecessor-version":[{"id":2213,"href":"https:\/\/ident-offenbach.de\/en\/wp-json\/wp\/v2\/pages\/1498\/revisions\/2213"}],"wp:attachment":[{"href":"https:\/\/ident-offenbach.de\/en\/wp-json\/wp\/v2\/media?parent=1498"}],"curies":[{"name":"wp","href":"https:\/\/api.w.org\/{rel}","templated":true}]}}