{"id":1500,"date":"2022-03-22T10:19:29","date_gmt":"2022-03-22T09:19:29","guid":{"rendered":"http:\/\/ident-offenbach.de.w01c7b4e.kasserver.com\/?page_id=1500"},"modified":"2022-06-14T11:58:08","modified_gmt":"2022-06-14T09:58:08","slug":"sprechzeiten","status":"publish","type":"page","link":"https:\/\/ident-offenbach.de\/en\/sprechzeiten\/","title":{"rendered":"Consultation hours"},"content":{"rendered":"<section class=\"l-section wpb_row us_custom_821ea863  hide_on_default hide_on_laptops hide_on_tablets height_auto width_full\"><div class=\"l-section-h i-cf\"><div class=\"g-cols vc_row via_grid cols_1 laptops-cols_inherit tablets-cols_inherit mobiles-cols_1 valign_top type_default stacking_default\"><div class=\"wpb_column vc_column_container\"><div class=\"vc_column-inner\"><div class=\"w-image us_custom_821ea863 align_none\"><div class=\"w-image-h\"><img decoding=\"async\" width=\"640\" height=\"654\" data-src=\"https:\/\/ident-offenbach.de\/wp-content\/uploads\/2022\/03\/sprechzeiten-mobil.png\" class=\"attachment-full size-full lazyload\" alt=\"\" data-srcset=\"https:\/\/ident-offenbach.de\/wp-content\/uploads\/2022\/03\/sprechzeiten-mobil.png 640w, https:\/\/ident-offenbach.de\/wp-content\/uploads\/2022\/03\/sprechzeiten-mobil-294x300.png 294w\" data-sizes=\"(max-width: 640px) 100vw, 640px\" src=\"data:image\/svg+xml;base64,PHN2ZyB3aWR0aD0iMSIgaGVpZ2h0PSIxIiB4bWxucz0iaHR0cDovL3d3dy53My5vcmcvMjAwMC9zdmciPjwvc3ZnPg==\" style=\"--smush-placeholder-width: 640px; --smush-placeholder-aspect-ratio: 640\/654;\" \/><\/div><\/div><\/div><\/div><\/div><\/div><\/section><section class=\"l-section wpb_row us_custom_f09ab5b2 height_medium full_height valign_center\"><div class=\"l-section-h i-cf\"><div class=\"g-cols vc_row via_grid cols_1 laptops-cols_inherit tablets-cols_inherit mobiles-cols_1 valign_top type_default stacking_default\"><div class=\"wpb_column vc_column_container\"><div class=\"vc_column-inner\"><div class=\"w-separator  hide_on_mobiles size_custom\" style=\"height:4rem\"><\/div><div class=\"g-cols wpb_row via_grid cols_1 laptops-cols_inherit tablets-cols_inherit mobiles-cols_1 valign_top type_default stacking_default\"><div class=\"wpb_column vc_column_container\"><div class=\"vc_column-inner\"><h2 style=\"text-align: left\" class=\"vc_custom_heading us_custom_b64b851a\" >Unsere<\/h2><h3 style=\"text-align: left\" class=\"vc_custom_heading us_custom_d2f64ef9\" >Consultation hours<\/h3><\/div><\/div><\/div><div class=\"g-cols wpb_row us_custom_9826ba77  hide_on_mobiles via_grid cols_3 laptops-cols_inherit tablets-cols_inherit mobiles-cols_1 valign_top type_default stacking_default\" style=\"grid-gap:1rem;\"><div class=\"wpb_column vc_column_container\"><div class=\"vc_column-inner\"><div class=\"w-vwrapper us_custom_4c77c721 align_none valign_top\"><p style=\"text-align: left\" class=\"vc_custom_heading us_custom_984619ee\" >Mo<\/p><div class=\"wpb_text_column\"><div class=\"wpb_wrapper\"><p>8 AM - 7 PM<\/p>\n<\/div><\/div><\/div><\/div><\/div><div class=\"wpb_column vc_column_container\"><div class=\"vc_column-inner\"><div class=\"w-vwrapper us_custom_4c77c721 align_none valign_top\"><p style=\"text-align: left\" class=\"vc_custom_heading us_custom_984619ee\" >Tu<\/p><div class=\"wpb_text_column\"><div class=\"wpb_wrapper\"><p>8 AM - 7 PM<\/p>\n<\/div><\/div><\/div><\/div><\/div><div class=\"wpb_column vc_column_container\"><div class=\"vc_column-inner\"><div class=\"w-vwrapper us_custom_4c77c721 align_none valign_top\"><p style=\"text-align: left\" class=\"vc_custom_heading us_custom_984619ee\" >We<\/p><div class=\"wpb_text_column\"><div class=\"wpb_wrapper\"><p>8 AM - 7 PM<\/p>\n<\/div><\/div><\/div><\/div><\/div><\/div><div class=\"g-cols wpb_row us_custom_2762f9a4  hide_on_mobiles via_grid cols_3 laptops-cols_inherit tablets-cols_inherit mobiles-cols_1 valign_top type_default stacking_default\" style=\"grid-gap:1rem;\"><div class=\"wpb_column vc_column_container\"><div class=\"vc_column-inner\"><div class=\"w-vwrapper us_custom_4c77c721 align_none valign_top\"><p style=\"text-align: left\" class=\"vc_custom_heading us_custom_984619ee\" >Th<\/p><div class=\"wpb_text_column\"><div class=\"wpb_wrapper\"><p>8 AM - 7 PM<\/p>\n<\/div><\/div><\/div><\/div><\/div><div class=\"wpb_column vc_column_container\"><div class=\"vc_column-inner\"><div class=\"w-vwrapper us_custom_4c77c721 align_none valign_top\"><p style=\"text-align: left\" class=\"vc_custom_heading us_custom_984619ee\" >Fr<\/p><div class=\"wpb_text_column\"><div class=\"wpb_wrapper\"><p>8 AM - 2 PM<\/p>\n<\/div><\/div><\/div><\/div><\/div><div class=\"wpb_column vc_column_container\"><div class=\"vc_column-inner\"><\/div><\/div><\/div><div class=\"g-cols wpb_row us_custom_cdf14ffd  hide_on_default hide_on_laptops hide_on_tablets via_grid cols_1 laptops-cols_inherit tablets-cols_inherit mobiles-cols_1 valign_top type_default stacking_default\" style=\"grid-gap:1rem;\"><div class=\"wpb_column vc_column_container\"><div class=\"vc_column-inner\"><div class=\"w-hwrapper align_none valign_top\"><div class=\"w-vwrapper us_custom_4c77c721 align_none valign_top\"><p style=\"text-align: left\" class=\"vc_custom_heading us_custom_984619ee\" >Mo<\/p><div class=\"wpb_text_column\"><div class=\"wpb_wrapper\"><p>8 AM - 7 PM<\/p>\n<\/div><\/div><\/div><div class=\"w-vwrapper us_custom_4c77c721 align_none valign_top\"><p style=\"text-align: left\" class=\"vc_custom_heading us_custom_984619ee\" >Tu<\/p><div class=\"wpb_text_column\"><div class=\"wpb_wrapper\"><p>8 AM - 7 PM<\/p>\n<\/div><\/div><\/div><\/div><div class=\"w-hwrapper align_none valign_top\"><div class=\"w-vwrapper us_custom_4c77c721 align_none valign_top\"><p style=\"text-align: left\" class=\"vc_custom_heading us_custom_984619ee\" >We<\/p><div class=\"wpb_text_column\"><div class=\"wpb_wrapper\"><p>8 AM - 7 PM<\/p>\n<\/div><\/div><\/div><div class=\"w-vwrapper us_custom_4c77c721 align_none valign_top\"><p style=\"text-align: left\" class=\"vc_custom_heading us_custom_984619ee\" >Th<\/p><div class=\"wpb_text_column\"><div class=\"wpb_wrapper\"><p>8 AM - 7 PM<\/p>\n<\/div><\/div><\/div><\/div><div class=\"w-hwrapper align_none valign_top\"><div class=\"w-vwrapper us_custom_4c77c721 align_none valign_top\"><p style=\"text-align: left\" class=\"vc_custom_heading us_custom_984619ee\" >Fr<\/p><div class=\"wpb_text_column\"><div class=\"wpb_wrapper\"><p>8 AM - 2 PM<\/p>\n<\/div><\/div><\/div><\/div><\/div><\/div><\/div><div class=\"g-cols wpb_row us_custom_2762f9a4 via_grid cols_1 laptops-cols_inherit tablets-cols_inherit mobiles-cols_1 valign_top type_default stacking_default\"><div class=\"wpb_column vc_column_container\"><div class=\"vc_column-inner\"><div class=\"wpb_text_column\"><div class=\"wpb_wrapper\"><p><strong>BESTELLPRAXIS<\/strong><br \/>\nWir m\u00f6chten uns f\u00fcr jeden einzelnen unserer Patienten ausreichened Zeit nehmen. Unser Ziel ist es, Ihnen eine rundum entspannte und ausgiebige Behandlung \/ Beratung zu erm\u00f6glichen.<\/p>\n<p>Bitte beachten Sie daher, dass Sie zu jeder Zeit (au\u00dfer in akuten Notf\u00e4llen) einen vorherigen Termin mit unserem Praxisteam vereinbaren. Ihr Behandlungstermin wird ma\u00dfgeschneidert auf Sie vorbereitet, um Sie optimal und gezielt zu behandeln.<\/p>\n<\/div><\/div><div class=\"w-hwrapper us_custom_cdf14ffd align_none valign_top wrap\"><div class=\"w-iconbox us_custom_c0f5e3df iconpos_left style_default color_primary align_left no_title\"><div class=\"w-iconbox-icon\" style=\"font-size:0.8rem;\"><i class=\"fas fa-phone-alt\"><\/i><\/div><div class=\"w-iconbox-meta\"><div class=\"w-iconbox-text\"><p>069 &#8211; 83 83 79 79<\/p>\n<\/div><\/div><\/div><div class=\"w-iconbox us_custom_c0f5e3df iconpos_left style_default color_primary align_left no_title\"><div class=\"w-iconbox-icon\" style=\"font-size:0.8rem;\"><i class=\"fas fa-envelope\"><\/i><\/div><div class=\"w-iconbox-meta\"><div class=\"w-iconbox-text\"><p>praxis@ident-offenbach.de<\/p>\n<\/div><\/div><\/div><div class=\"wpb_text_column us_custom_ae7c24f0\"><div class=\"wpb_wrapper\"><p><a href=\"\/en\/kontakt\/\"><span class=\"text-online\">Termin Online<\/span><\/a><\/p>\n<\/div><\/div><\/div><\/div><\/div><\/div><\/div><\/div><\/div><\/div><\/section><section class=\"l-section wpb_row us_custom_0ffbfcb1  hide_on_tablets hide_on_mobiles height_medium\"><div class=\"l-section-h i-cf\"><div class=\"g-cols vc_row via_grid cols_1 laptops-cols_inherit tablets-cols_inherit mobiles-cols_1 valign_top type_default stacking_default\"><div class=\"wpb_column vc_column_container\"><div class=\"vc_column-inner\"><div class=\"w-separator size_custom\" style=\"height:8.5rem\"><\/div><div  class=\"wpb_widgetised_column wpb_content_element\">\n\t\t<div class=\"wpb_wrapper\">\n\t\t\t\n\t\t\t<div id=\"text-4\" class=\"widget widget_text\">\t\t\t<div class=\"textwidget\"><p><a href=\"\/en\/spektrum\/\"><\/p>\n<div style=\"text-align: center;\"><img decoding=\"async\" class=\"alignnone wp-image-1482 lazyload\" data-src=\"https:\/\/ident-offenbach.de\/wp-content\/uploads\/2022\/03\/icon_0005_Ebene-7.png\" alt=\"\" width=\"30\" height=\"30\" src=\"data:image\/svg+xml;base64,PHN2ZyB3aWR0aD0iMSIgaGVpZ2h0PSIxIiB4bWxucz0iaHR0cDovL3d3dy53My5vcmcvMjAwMC9zdmciPjwvc3ZnPg==\" style=\"--smush-placeholder-width: 30px; --smush-placeholder-aspect-ratio: 30\/30;\" \/><br \/>\nspectrum<\/div>\n<p><\/a><\/p>\n<\/div>\n\t\t<\/div><div id=\"text-9\" class=\"widget widget_text\">\t\t\t<div class=\"textwidget\"><p><a href=\"\/en\/termin\/\"><\/p>\n<div style=\"text-align: center;\"><img decoding=\"async\" class=\"alignnone wp-image-1486 lazyload\" data-src=\"https:\/\/ident-offenbach.de\/wp-content\/uploads\/2022\/03\/icon_0004_Ebene-8.png\" alt=\"\" width=\"30\" height=\"30\" src=\"data:image\/svg+xml;base64,PHN2ZyB3aWR0aD0iMSIgaGVpZ2h0PSIxIiB4bWxucz0iaHR0cDovL3d3dy53My5vcmcvMjAwMC9zdmciPjwvc3ZnPg==\" style=\"--smush-placeholder-width: 30px; --smush-placeholder-aspect-ratio: 30\/30;\" \/><br \/>\nAppointment<\/div>\n<p><\/a><\/p>\n<\/div>\n\t\t<\/div><div id=\"text-10\" class=\"widget widget_text\">\t\t\t<div class=\"textwidget\"><p><a href=\"\/en\/1-besuch\/\"><\/p>\n<div style=\"text-align: center;\"><img decoding=\"async\" class=\"alignnone wp-image-1485 lazyload\" data-src=\"https:\/\/ident-offenbach.de\/wp-content\/uploads\/2022\/03\/icon_0003_Ebene-9.png\" alt=\"\" width=\"30\" height=\"30\" src=\"data:image\/svg+xml;base64,PHN2ZyB3aWR0aD0iMSIgaGVpZ2h0PSIxIiB4bWxucz0iaHR0cDovL3d3dy53My5vcmcvMjAwMC9zdmciPjwvc3ZnPg==\" style=\"--smush-placeholder-width: 30px; --smush-placeholder-aspect-ratio: 30\/30;\" \/><br \/>\n1. visit<\/div>\n<p><\/a><\/p>\n<\/div>\n\t\t<\/div><div id=\"text-11\" class=\"widget widget_text\">\t\t\t<div class=\"textwidget\"><p><a href=\"\/en\/sprechzeiten\/\"><\/p>\n<div style=\"text-align: center;\"><img decoding=\"async\" class=\"alignnone wp-image-1484 lazyload\" data-src=\"https:\/\/ident-offenbach.de\/wp-content\/uploads\/2022\/03\/icon_0002_Ebene-10.png\" alt=\"\" width=\"30\" height=\"30\" src=\"data:image\/svg+xml;base64,PHN2ZyB3aWR0aD0iMSIgaGVpZ2h0PSIxIiB4bWxucz0iaHR0cDovL3d3dy53My5vcmcvMjAwMC9zdmciPjwvc3ZnPg==\" style=\"--smush-placeholder-width: 30px; --smush-placeholder-aspect-ratio: 30\/30;\" \/><br \/>\nConsultation hours<\/div>\n<p><\/a><\/p>\n<\/div>\n\t\t<\/div><div id=\"text-12\" class=\"widget widget_text\">\t\t\t<div class=\"textwidget\"><p><a href=\"\/en\/ich-habe-eine-frage\/\"><\/p>\n<div style=\"text-align: center;\"><img decoding=\"async\" class=\"alignnone wp-image-1483 lazyload\" data-src=\"https:\/\/ident-offenbach.de\/wp-content\/uploads\/2022\/03\/icon_0001_Ebene-11.png\" alt=\"\" width=\"30\" height=\"30\" src=\"data:image\/svg+xml;base64,PHN2ZyB3aWR0aD0iMSIgaGVpZ2h0PSIxIiB4bWxucz0iaHR0cDovL3d3dy53My5vcmcvMjAwMC9zdmciPjwvc3ZnPg==\" style=\"--smush-placeholder-width: 30px; --smush-placeholder-aspect-ratio: 30\/30;\" \/><br \/>\nI have<br \/>\na question<\/div>\n<p><\/a><\/p>\n<\/div>\n\t\t<\/div>\n\t\t<\/div>\n\t<\/div>\n<\/div><\/div><\/div><\/div><\/section>","protected":false},"excerpt":{"rendered":"UnsereSprechzeitenMo08.00 &#8211; 19.00 Uhr Di08.00 &#8211; 19.00 Uhr Mi08.00 &#8211; 19.00 Uhr Do08.00 &#8211; 19.00 Uhr Fr08.00 &#8211; 14.00 Uhr Mo08.00 &#8211; 19.00 Uhr Di08.00 &#8211; 19.00 Uhr Mi08.00 &#8211; 19.00 Uhr Do08.00 &#8211; 19.00 Uhr Fr08.00 &#8211; 14.00 Uhr BESTELLPRAXIS Wir m\u00f6chten uns f\u00fcr jeden einzelnen unserer Patienten ausreichened Zeit nehmen. Unser Ziel ist...","protected":false},"author":2,"featured_media":0,"parent":0,"menu_order":0,"comment_status":"closed","ping_status":"closed","template":"","meta":{"footnotes":""},"class_list":["post-1500","page","type-page","status-publish","hentry"],"acf":[],"yoast_head":"<!-- This site is optimized with the Yoast SEO plugin v27.5 - https:\/\/yoast.com\/product\/yoast-seo-wordpress\/ -->\n<title>Praxis \u00d6ffnungszeiten<\/title>\n<meta name=\"robots\" content=\"index, follow, max-snippet:-1, max-image-preview:large, max-video-preview:-1\" \/>\n<link rel=\"canonical\" href=\"https:\/\/ident-offenbach.de\/en\/sprechzeiten\/\" \/>\n<meta property=\"og:locale\" content=\"en_GB\" \/>\n<meta property=\"og:type\" content=\"article\" \/>\n<meta property=\"og:title\" content=\"Praxis \u00d6ffnungszeiten\" \/>\n<meta property=\"og:url\" content=\"https:\/\/ident-offenbach.de\/en\/sprechzeiten\/\" \/>\n<meta property=\"og:site_name\" content=\"Zahnarzt Offenbach Bieber | Zahnarztpraxis iDent\" \/>\n<meta property=\"article:publisher\" content=\"https:\/\/www.facebook.com\/ZahnarztpraxisiDent\/\" \/>\n<meta property=\"article:modified_time\" content=\"2022-06-14T09:58:08+00:00\" \/>\n<meta name=\"twitter:card\" content=\"summary_large_image\" \/>\n<meta name=\"twitter:label1\" content=\"Estimated reading time\" \/>\n\t<meta name=\"twitter:data1\" content=\"7 minutes\" \/>\n<script type=\"application\/ld+json\" class=\"yoast-schema-graph\">{\"@context\":\"https:\\\/\\\/schema.org\",\"@graph\":[{\"@type\":\"WebPage\",\"@id\":\"https:\\\/\\\/ident-offenbach.de\\\/sprechzeiten\\\/\",\"url\":\"https:\\\/\\\/ident-offenbach.de\\\/sprechzeiten\\\/\",\"name\":\"Praxis \u00d6ffnungszeiten\",\"isPartOf\":{\"@id\":\"https:\\\/\\\/ident-offenbach.de\\\/#website\"},\"datePublished\":\"2022-03-22T09:19:29+00:00\",\"dateModified\":\"2022-06-14T09:58:08+00:00\",\"breadcrumb\":{\"@id\":\"https:\\\/\\\/ident-offenbach.de\\\/sprechzeiten\\\/#breadcrumb\"},\"inLanguage\":\"en-GB\",\"potentialAction\":[{\"@type\":\"ReadAction\",\"target\":[\"https:\\\/\\\/ident-offenbach.de\\\/sprechzeiten\\\/\"]}]},{\"@type\":\"BreadcrumbList\",\"@id\":\"https:\\\/\\\/ident-offenbach.de\\\/sprechzeiten\\\/#breadcrumb\",\"itemListElement\":[{\"@type\":\"ListItem\",\"position\":1,\"name\":\"Startseite\",\"item\":\"https:\\\/\\\/ident-offenbach.de\\\/\"},{\"@type\":\"ListItem\",\"position\":2,\"name\":\"Sprechzeiten\"}]},{\"@type\":\"WebSite\",\"@id\":\"https:\\\/\\\/ident-offenbach.de\\\/#website\",\"url\":\"https:\\\/\\\/ident-offenbach.de\\\/\",\"name\":\"Zahnarzt Offenbach Bieber | Zahnarztpraxis iDent\",\"description\":\"Thomas Balogh &amp; Kollegen\",\"publisher\":{\"@id\":\"https:\\\/\\\/ident-offenbach.de\\\/#organization\"},\"potentialAction\":[{\"@type\":\"SearchAction\",\"target\":{\"@type\":\"EntryPoint\",\"urlTemplate\":\"https:\\\/\\\/ident-offenbach.de\\\/?s={search_term_string}\"},\"query-input\":{\"@type\":\"PropertyValueSpecification\",\"valueRequired\":true,\"valueName\":\"search_term_string\"}}],\"inLanguage\":\"en-GB\"},{\"@type\":\"Organization\",\"@id\":\"https:\\\/\\\/ident-offenbach.de\\\/#organization\",\"name\":\"Zahnarztpraxis iDent Thomas Balogh und Kollegen\",\"url\":\"https:\\\/\\\/ident-offenbach.de\\\/\",\"logo\":{\"@type\":\"ImageObject\",\"inLanguage\":\"en-GB\",\"@id\":\"https:\\\/\\\/ident-offenbach.de\\\/#\\\/schema\\\/logo\\\/image\\\/\",\"url\":\"https:\\\/\\\/ident-offenbach.de\\\/wp-content\\\/uploads\\\/2022\\\/04\\\/ident-logo.png\",\"contentUrl\":\"https:\\\/\\\/ident-offenbach.de\\\/wp-content\\\/uploads\\\/2022\\\/04\\\/ident-logo.png\",\"width\":627,\"height\":283,\"caption\":\"Zahnarztpraxis iDent Thomas Balogh und Kollegen\"},\"image\":{\"@id\":\"https:\\\/\\\/ident-offenbach.de\\\/#\\\/schema\\\/logo\\\/image\\\/\"},\"sameAs\":[\"https:\\\/\\\/www.facebook.com\\\/ZahnarztpraxisiDent\\\/\",\"https:\\\/\\\/www.instagram.com\\\/zahnarztpraxis_ident\\\/\"]}]}<\/script>\n<!-- \/ Yoast SEO plugin. -->","yoast_head_json":{"title":"Praxis \u00d6ffnungszeiten","robots":{"index":"index","follow":"follow","max-snippet":"max-snippet:-1","max-image-preview":"max-image-preview:large","max-video-preview":"max-video-preview:-1"},"canonical":"https:\/\/ident-offenbach.de\/en\/sprechzeiten\/","og_locale":"en_GB","og_type":"article","og_title":"Praxis \u00d6ffnungszeiten","og_url":"https:\/\/ident-offenbach.de\/en\/sprechzeiten\/","og_site_name":"Zahnarzt Offenbach Bieber | Zahnarztpraxis iDent","article_publisher":"https:\/\/www.facebook.com\/ZahnarztpraxisiDent\/","article_modified_time":"2022-06-14T09:58:08+00:00","twitter_card":"summary_large_image","twitter_misc":{"Estimated reading time":"7 minutes"},"schema":{"@context":"https:\/\/schema.org","@graph":[{"@type":"WebPage","@id":"https:\/\/ident-offenbach.de\/sprechzeiten\/","url":"https:\/\/ident-offenbach.de\/sprechzeiten\/","name":"Praxis \u00d6ffnungszeiten","isPartOf":{"@id":"https:\/\/ident-offenbach.de\/#website"},"datePublished":"2022-03-22T09:19:29+00:00","dateModified":"2022-06-14T09:58:08+00:00","breadcrumb":{"@id":"https:\/\/ident-offenbach.de\/sprechzeiten\/#breadcrumb"},"inLanguage":"en-GB","potentialAction":[{"@type":"ReadAction","target":["https:\/\/ident-offenbach.de\/sprechzeiten\/"]}]},{"@type":"BreadcrumbList","@id":"https:\/\/ident-offenbach.de\/sprechzeiten\/#breadcrumb","itemListElement":[{"@type":"ListItem","position":1,"name":"Startseite","item":"https:\/\/ident-offenbach.de\/"},{"@type":"ListItem","position":2,"name":"Sprechzeiten"}]},{"@type":"WebSite","@id":"https:\/\/ident-offenbach.de\/#website","url":"https:\/\/ident-offenbach.de\/","name":"Zahnarzt Offenbach Bieber | Zahnarztpraxis iDent","description":"Thomas Balogh &amp; Kollegen","publisher":{"@id":"https:\/\/ident-offenbach.de\/#organization"},"potentialAction":[{"@type":"SearchAction","target":{"@type":"EntryPoint","urlTemplate":"https:\/\/ident-offenbach.de\/?s={search_term_string}"},"query-input":{"@type":"PropertyValueSpecification","valueRequired":true,"valueName":"search_term_string"}}],"inLanguage":"en-GB"},{"@type":"Organization","@id":"https:\/\/ident-offenbach.de\/#organization","name":"Zahnarztpraxis iDent Thomas Balogh und Kollegen","url":"https:\/\/ident-offenbach.de\/","logo":{"@type":"ImageObject","inLanguage":"en-GB","@id":"https:\/\/ident-offenbach.de\/#\/schema\/logo\/image\/","url":"https:\/\/ident-offenbach.de\/wp-content\/uploads\/2022\/04\/ident-logo.png","contentUrl":"https:\/\/ident-offenbach.de\/wp-content\/uploads\/2022\/04\/ident-logo.png","width":627,"height":283,"caption":"Zahnarztpraxis iDent Thomas Balogh und Kollegen"},"image":{"@id":"https:\/\/ident-offenbach.de\/#\/schema\/logo\/image\/"},"sameAs":["https:\/\/www.facebook.com\/ZahnarztpraxisiDent\/","https:\/\/www.instagram.com\/zahnarztpraxis_ident\/"]}]}},"_links":{"self":[{"href":"https:\/\/ident-offenbach.de\/en\/wp-json\/wp\/v2\/pages\/1500","targetHints":{"allow":["GET"]}}],"collection":[{"href":"https:\/\/ident-offenbach.de\/en\/wp-json\/wp\/v2\/pages"}],"about":[{"href":"https:\/\/ident-offenbach.de\/en\/wp-json\/wp\/v2\/types\/page"}],"author":[{"embeddable":true,"href":"https:\/\/ident-offenbach.de\/en\/wp-json\/wp\/v2\/users\/2"}],"replies":[{"embeddable":true,"href":"https:\/\/ident-offenbach.de\/en\/wp-json\/wp\/v2\/comments?post=1500"}],"version-history":[{"count":10,"href":"https:\/\/ident-offenbach.de\/en\/wp-json\/wp\/v2\/pages\/1500\/revisions"}],"predecessor-version":[{"id":2237,"href":"https:\/\/ident-offenbach.de\/en\/wp-json\/wp\/v2\/pages\/1500\/revisions\/2237"}],"wp:attachment":[{"href":"https:\/\/ident-offenbach.de\/en\/wp-json\/wp\/v2\/media?parent=1500"}],"curies":[{"name":"wp","href":"https:\/\/api.w.org\/{rel}","templated":true}]}}