{"id":1502,"date":"2022-03-22T10:19:36","date_gmt":"2022-03-22T09:19:36","guid":{"rendered":"http:\/\/ident-offenbach.de.w01c7b4e.kasserver.com\/?page_id=1502"},"modified":"2022-06-14T11:57:10","modified_gmt":"2022-06-14T09:57:10","slug":"ich-habe-eine-frage","status":"publish","type":"page","link":"https:\/\/ident-offenbach.de\/en\/ich-habe-eine-frage\/","title":{"rendered":"Ich habe eine Frage"},"content":{"rendered":"<section class=\"l-section wpb_row us_custom_821ea863  hide_on_default hide_on_laptops hide_on_tablets height_auto width_full\"><div class=\"l-section-h i-cf\"><div class=\"g-cols vc_row via_grid cols_1 laptops-cols_inherit tablets-cols_inherit mobiles-cols_1 valign_top type_default stacking_default\"><div class=\"wpb_column vc_column_container\"><div class=\"vc_column-inner\"><div class=\"w-image us_custom_821ea863 align_none\"><div class=\"w-image-h\"><img decoding=\"async\" width=\"640\" height=\"654\" data-src=\"https:\/\/ident-offenbach.de\/wp-content\/uploads\/2022\/03\/frage-mobil.png\" class=\"attachment-full size-full lazyload\" alt=\"\" data-srcset=\"https:\/\/ident-offenbach.de\/wp-content\/uploads\/2022\/03\/frage-mobil.png 640w, https:\/\/ident-offenbach.de\/wp-content\/uploads\/2022\/03\/frage-mobil-294x300.png 294w\" data-sizes=\"(max-width: 640px) 100vw, 640px\" src=\"data:image\/svg+xml;base64,PHN2ZyB3aWR0aD0iMSIgaGVpZ2h0PSIxIiB4bWxucz0iaHR0cDovL3d3dy53My5vcmcvMjAwMC9zdmciPjwvc3ZnPg==\" style=\"--smush-placeholder-width: 640px; --smush-placeholder-aspect-ratio: 640\/654;\" \/><\/div><\/div><\/div><\/div><\/div><\/div><\/section><section class=\"l-section wpb_row us_custom_f55abacf height_medium full_height valign_center\"><div class=\"l-section-h i-cf\"><div class=\"g-cols vc_row via_grid cols_1 laptops-cols_inherit tablets-cols_inherit mobiles-cols_1 valign_top type_default stacking_default\"><div class=\"wpb_column vc_column_container\"><div class=\"vc_column-inner\"><div class=\"w-separator  hide_on_mobiles size_custom\" style=\"height:4rem\"><\/div><div class=\"g-cols wpb_row us_custom_2762f9a4 via_grid cols_1 laptops-cols_inherit tablets-cols_inherit mobiles-cols_1 valign_top type_default stacking_default\"><div class=\"wpb_column vc_column_container\"><div class=\"vc_column-inner\"><h2 style=\"text-align: left\" class=\"vc_custom_heading us_custom_b64b851a\" >Do you<\/h2><h3 style=\"text-align: left\" class=\"vc_custom_heading us_custom_d2f64ef9\" >have questions?<\/h3><div class=\"wpb_text_column\"><div class=\"wpb_wrapper\"><p><strong>iDENT CONTACT ENQUIRY<\/strong><br \/>\nDo you have any questions or need more information about our services and skills? We know how valuable your time is in everyday life. You can conveniently send us your questions by e-mail and we will answer them shortly.<\/p>\n<\/div><\/div><div class=\"w-separator size_small\"><\/div>\n<div class=\"wpcf7 no-js\" id=\"wpcf7-f7-o1\" lang=\"de-DE\" dir=\"ltr\" data-wpcf7-id=\"7\">\n<div class=\"screen-reader-response\"><p role=\"status\" aria-live=\"polite\" aria-atomic=\"true\"><\/p> <ul><\/ul><\/div>\n<form action=\"\/en\/wp-json\/wp\/v2\/pages\/1502#wpcf7-f7-o1\" method=\"post\" class=\"wpcf7-form init\" aria-label=\"Contact form\" novalidate=\"novalidate\" data-status=\"init\" data-trp-original-action=\"\/en\/wp-json\/wp\/v2\/pages\/1502#wpcf7-f7-o1\">\n<fieldset class=\"hidden-fields-container\"><input type=\"hidden\" name=\"_wpcf7\" value=\"7\" \/><input type=\"hidden\" name=\"_wpcf7_version\" value=\"6.1.5\" \/><input type=\"hidden\" name=\"_wpcf7_locale\" value=\"de_DE\" \/><input type=\"hidden\" name=\"_wpcf7_unit_tag\" value=\"wpcf7-f7-o1\" \/><input type=\"hidden\" name=\"_wpcf7_container_post\" value=\"0\" \/><input type=\"hidden\" name=\"_wpcf7_posted_data_hash\" value=\"\" \/><input type=\"hidden\" name=\"_wpcf7_recaptcha_response\" value=\"\" \/>\n<\/fieldset>\n<div class=\"cf7-row\">\n\t<div class=\"content-column one_half\">\n\t\t<p><span class=\"wpcf7-form-control-wrap\" data-name=\"your-lastname\"><input size=\"40\" maxlength=\"400\" class=\"wpcf7-form-control wpcf7-text wpcf7-validates-as-required\" aria-required=\"true\" aria-invalid=\"false\" placeholder=\"Surname *\" value=\"\" type=\"text\" name=\"your-lastname\" \/><\/span>\n\t\t<\/p>\n\t<\/div>\n\t<div class=\"content-column one_half last_column\">\n\t\t<p><span class=\"wpcf7-form-control-wrap\" data-name=\"your-firstname\"><input size=\"40\" maxlength=\"400\" class=\"wpcf7-form-control wpcf7-text wpcf7-validates-as-required\" aria-required=\"true\" aria-invalid=\"false\" placeholder=\"First name\" value=\"\" type=\"text\" name=\"your-firstname\" \/><\/span>\n\t\t<\/p>\n\t<\/div>\n<\/div>\n<div class=\"clear_column\">\n<\/div>\n<div class=\"cf7-row\">\n\t<div class=\"content-column one_half\">\n\t\t<p><span class=\"wpcf7-form-control-wrap\" data-name=\"patient-or-not\"><select class=\"wpcf7-form-control wpcf7-select\" aria-invalid=\"false\" name=\"patient-or-not\"><option value=\"Sind Sie bereits Patient bei uns?\">Are you already a patient at our practice?<\/option><option value=\"Ja\">Yes<\/option><option value=\"Nein\">No<\/option><\/select><\/span>\n\t\t<\/p>\n\t<\/div>\n\t<div class=\"content-column one_fourth\">\n\t\t<p><span class=\"wpcf7-form-control-wrap\" data-name=\"your-phone-no\"><input size=\"40\" maxlength=\"400\" class=\"wpcf7-form-control wpcf7-text\" aria-invalid=\"false\" placeholder=\"Phone number\" value=\"\" type=\"text\" name=\"your-phone-no\" \/><\/span>\n\t\t<\/p>\n\t<\/div>\n\t<div class=\"content-column one_fourth last_column\">\n\t\t<p><span class=\"wpcf7-form-control-wrap\" data-name=\"your-mobile-no\"><input size=\"40\" maxlength=\"400\" class=\"wpcf7-form-control wpcf7-text wpcf7-validates-as-required\" aria-required=\"true\" aria-invalid=\"false\" placeholder=\"Cell *\" value=\"\" type=\"text\" name=\"your-mobile-no\" \/><\/span>\n\t\t<\/p>\n\t<\/div>\n<\/div>\n<div class=\"clear_column\">\n<\/div>\n<div class=\"cf7-row\">\n\t<p><span class=\"wpcf7-form-control-wrap\" data-name=\"your-mail\"><input size=\"40\" maxlength=\"400\" class=\"wpcf7-form-control wpcf7-email wpcf7-validates-as-required wpcf7-text wpcf7-validates-as-email\" aria-required=\"true\" aria-invalid=\"false\" placeholder=\"E-Mail *\" value=\"\" type=\"email\" name=\"your-mail\" \/><\/span>\n\t<\/p>\n<\/div>\n<div class=\"cf7-row\">\n\t<p><span class=\"wpcf7-form-control-wrap\" data-name=\"your-msg\"><textarea cols=\"40\" rows=\"10\" maxlength=\"500\" class=\"wpcf7-form-control wpcf7-textarea wpcf7-validates-as-required\" aria-required=\"true\" aria-invalid=\"false\" name=\"your-msg\">Ihre Nachricht an uns (max. 500 Zeichen) *<\/textarea><\/span>\n\t<\/p>\n<\/div>\n<div class=\"cf7-row\">\n\t<p><span class=\"wpcf7-form-control-wrap\" data-name=\"datenschutz\"><span class=\"wpcf7-form-control wpcf7-acceptance\"><span class=\"wpcf7-list-item\"><label><input type=\"checkbox\" name=\"datenschutz\" value=\"1\" aria-invalid=\"false\" \/><span class=\"wpcf7-list-item-label\">I have read the <a href=\"\/en\/datenschutz\/\">Data privacy statement<\/a> and accept it.<\/span><\/label><\/span><\/span><\/span>\n\t<\/p>\n<\/div>\n<div class=\"cf7-row\" style=\"margin-top: 40px;\">\n\t<p><input class=\"wpcf7-form-control wpcf7-submit has-spinner\" type=\"submit\" value=\"Send\" \/>\n\t<\/p>\n<\/div>\n<p>* mandatory\n<\/p><div class=\"wpcf7-response-output\" aria-hidden=\"true\"><\/div>\n<input type=\"hidden\" name=\"trp-form-language\" value=\"en\"\/><\/form>\n<\/div>\n<\/div><\/div><\/div><\/div><\/div><\/div><\/div><\/section><section class=\"l-section wpb_row us_custom_0ffbfcb1  hide_on_tablets hide_on_mobiles height_medium\"><div class=\"l-section-h i-cf\"><div class=\"g-cols vc_row via_grid cols_1 laptops-cols_inherit tablets-cols_inherit mobiles-cols_1 valign_top type_default stacking_default\"><div class=\"wpb_column vc_column_container\"><div class=\"vc_column-inner\"><div class=\"w-separator size_custom\" style=\"height:8.5rem\"><\/div><div  class=\"wpb_widgetised_column wpb_content_element\">\n\t\t<div class=\"wpb_wrapper\">\n\t\t\t\n\t\t\t<div id=\"text-4\" class=\"widget widget_text\">\t\t\t<div class=\"textwidget\"><p><a href=\"\/en\/spektrum\/\"><\/p>\n<div style=\"text-align: center;\"><img decoding=\"async\" class=\"alignnone wp-image-1482 lazyload\" data-src=\"https:\/\/ident-offenbach.de\/wp-content\/uploads\/2022\/03\/icon_0005_Ebene-7.png\" alt=\"\" width=\"30\" height=\"30\" src=\"data:image\/svg+xml;base64,PHN2ZyB3aWR0aD0iMSIgaGVpZ2h0PSIxIiB4bWxucz0iaHR0cDovL3d3dy53My5vcmcvMjAwMC9zdmciPjwvc3ZnPg==\" style=\"--smush-placeholder-width: 30px; --smush-placeholder-aspect-ratio: 30\/30;\" \/><br \/>\nspectrum<\/div>\n<p><\/a><\/p>\n<\/div>\n\t\t<\/div><div id=\"text-9\" class=\"widget widget_text\">\t\t\t<div class=\"textwidget\"><p><a href=\"\/en\/termin\/\"><\/p>\n<div style=\"text-align: center;\"><img decoding=\"async\" class=\"alignnone wp-image-1486 lazyload\" data-src=\"https:\/\/ident-offenbach.de\/wp-content\/uploads\/2022\/03\/icon_0004_Ebene-8.png\" alt=\"\" width=\"30\" height=\"30\" src=\"data:image\/svg+xml;base64,PHN2ZyB3aWR0aD0iMSIgaGVpZ2h0PSIxIiB4bWxucz0iaHR0cDovL3d3dy53My5vcmcvMjAwMC9zdmciPjwvc3ZnPg==\" style=\"--smush-placeholder-width: 30px; --smush-placeholder-aspect-ratio: 30\/30;\" \/><br \/>\nAppointment<\/div>\n<p><\/a><\/p>\n<\/div>\n\t\t<\/div><div id=\"text-10\" class=\"widget widget_text\">\t\t\t<div class=\"textwidget\"><p><a href=\"\/en\/1-besuch\/\"><\/p>\n<div style=\"text-align: center;\"><img decoding=\"async\" class=\"alignnone wp-image-1485 lazyload\" data-src=\"https:\/\/ident-offenbach.de\/wp-content\/uploads\/2022\/03\/icon_0003_Ebene-9.png\" alt=\"\" width=\"30\" height=\"30\" src=\"data:image\/svg+xml;base64,PHN2ZyB3aWR0aD0iMSIgaGVpZ2h0PSIxIiB4bWxucz0iaHR0cDovL3d3dy53My5vcmcvMjAwMC9zdmciPjwvc3ZnPg==\" style=\"--smush-placeholder-width: 30px; --smush-placeholder-aspect-ratio: 30\/30;\" \/><br \/>\n1. visit<\/div>\n<p><\/a><\/p>\n<\/div>\n\t\t<\/div><div id=\"text-11\" class=\"widget widget_text\">\t\t\t<div class=\"textwidget\"><p><a href=\"\/en\/sprechzeiten\/\"><\/p>\n<div style=\"text-align: center;\"><img decoding=\"async\" class=\"alignnone wp-image-1484 lazyload\" data-src=\"https:\/\/ident-offenbach.de\/wp-content\/uploads\/2022\/03\/icon_0002_Ebene-10.png\" alt=\"\" width=\"30\" height=\"30\" src=\"data:image\/svg+xml;base64,PHN2ZyB3aWR0aD0iMSIgaGVpZ2h0PSIxIiB4bWxucz0iaHR0cDovL3d3dy53My5vcmcvMjAwMC9zdmciPjwvc3ZnPg==\" style=\"--smush-placeholder-width: 30px; --smush-placeholder-aspect-ratio: 30\/30;\" \/><br \/>\nConsultation hours<\/div>\n<p><\/a><\/p>\n<\/div>\n\t\t<\/div><div id=\"text-12\" class=\"widget widget_text\">\t\t\t<div class=\"textwidget\"><p><a href=\"\/en\/ich-habe-eine-frage\/\"><\/p>\n<div style=\"text-align: center;\"><img decoding=\"async\" class=\"alignnone wp-image-1483 lazyload\" data-src=\"https:\/\/ident-offenbach.de\/wp-content\/uploads\/2022\/03\/icon_0001_Ebene-11.png\" alt=\"\" width=\"30\" height=\"30\" src=\"data:image\/svg+xml;base64,PHN2ZyB3aWR0aD0iMSIgaGVpZ2h0PSIxIiB4bWxucz0iaHR0cDovL3d3dy53My5vcmcvMjAwMC9zdmciPjwvc3ZnPg==\" style=\"--smush-placeholder-width: 30px; --smush-placeholder-aspect-ratio: 30\/30;\" \/><br \/>\nI have<br \/>\na question<\/div>\n<p><\/a><\/p>\n<\/div>\n\t\t<\/div>\n\t\t<\/div>\n\t<\/div>\n<\/div><\/div><\/div><\/div><\/section>","protected":false},"excerpt":{"rendered":"Sie habennoch Fragen?iDENT KONTAKTANFRAGE Haben Sie noch eine Frage oder m\u00f6chten zus\u00e4tzliche Informationen zu unseren Leistungen und Kompetenzen? Wir wissen wie wertvoll Ihre Zeit im Alltag ist. Daher k\u00f6nnen Sie uns Ihre Fragen bequem per E-Mail stellen und wir beantworten sie Ihnen in K\u00fcrze. Sind Sie bereits Patient bei uns?JaNein Ihre Nachricht an uns (max....","protected":false},"author":2,"featured_media":0,"parent":0,"menu_order":0,"comment_status":"closed","ping_status":"closed","template":"","meta":{"footnotes":""},"class_list":["post-1502","page","type-page","status-publish","hentry"],"acf":[],"yoast_head":"<!-- This site is optimized with the Yoast SEO plugin v27.5 - https:\/\/yoast.com\/product\/yoast-seo-wordpress\/ -->\n<title>Sie haben noch Fragen?<\/title>\n<meta name=\"robots\" content=\"index, follow, max-snippet:-1, max-image-preview:large, max-video-preview:-1\" \/>\n<link rel=\"canonical\" href=\"https:\/\/ident-offenbach.de\/en\/ich-habe-eine-frage\/\" \/>\n<meta property=\"og:locale\" content=\"en_GB\" \/>\n<meta property=\"og:type\" content=\"article\" \/>\n<meta property=\"og:title\" content=\"Sie haben noch Fragen?\" \/>\n<meta property=\"og:url\" content=\"https:\/\/ident-offenbach.de\/en\/ich-habe-eine-frage\/\" \/>\n<meta property=\"og:site_name\" content=\"Zahnarzt Offenbach Bieber | Zahnarztpraxis iDent\" \/>\n<meta property=\"article:publisher\" content=\"https:\/\/www.facebook.com\/ZahnarztpraxisiDent\/\" \/>\n<meta property=\"article:modified_time\" content=\"2022-06-14T09:57:10+00:00\" \/>\n<meta name=\"twitter:card\" content=\"summary_large_image\" \/>\n<meta name=\"twitter:label1\" content=\"Estimated reading time\" \/>\n\t<meta name=\"twitter:data1\" content=\"1 minute\" \/>\n<script type=\"application\/ld+json\" class=\"yoast-schema-graph\">{\"@context\":\"https:\\\/\\\/schema.org\",\"@graph\":[{\"@type\":\"WebPage\",\"@id\":\"https:\\\/\\\/ident-offenbach.de\\\/ich-habe-eine-frage\\\/\",\"url\":\"https:\\\/\\\/ident-offenbach.de\\\/ich-habe-eine-frage\\\/\",\"name\":\"Sie haben noch Fragen?\",\"isPartOf\":{\"@id\":\"https:\\\/\\\/ident-offenbach.de\\\/#website\"},\"datePublished\":\"2022-03-22T09:19:36+00:00\",\"dateModified\":\"2022-06-14T09:57:10+00:00\",\"breadcrumb\":{\"@id\":\"https:\\\/\\\/ident-offenbach.de\\\/ich-habe-eine-frage\\\/#breadcrumb\"},\"inLanguage\":\"en-GB\",\"potentialAction\":[{\"@type\":\"ReadAction\",\"target\":[\"https:\\\/\\\/ident-offenbach.de\\\/ich-habe-eine-frage\\\/\"]}]},{\"@type\":\"BreadcrumbList\",\"@id\":\"https:\\\/\\\/ident-offenbach.de\\\/ich-habe-eine-frage\\\/#breadcrumb\",\"itemListElement\":[{\"@type\":\"ListItem\",\"position\":1,\"name\":\"Startseite\",\"item\":\"https:\\\/\\\/ident-offenbach.de\\\/\"},{\"@type\":\"ListItem\",\"position\":2,\"name\":\"Ich habe eine Frage\"}]},{\"@type\":\"WebSite\",\"@id\":\"https:\\\/\\\/ident-offenbach.de\\\/#website\",\"url\":\"https:\\\/\\\/ident-offenbach.de\\\/\",\"name\":\"Zahnarzt Offenbach Bieber | Zahnarztpraxis iDent\",\"description\":\"Thomas Balogh &amp; Kollegen\",\"publisher\":{\"@id\":\"https:\\\/\\\/ident-offenbach.de\\\/#organization\"},\"potentialAction\":[{\"@type\":\"SearchAction\",\"target\":{\"@type\":\"EntryPoint\",\"urlTemplate\":\"https:\\\/\\\/ident-offenbach.de\\\/?s={search_term_string}\"},\"query-input\":{\"@type\":\"PropertyValueSpecification\",\"valueRequired\":true,\"valueName\":\"search_term_string\"}}],\"inLanguage\":\"en-GB\"},{\"@type\":\"Organization\",\"@id\":\"https:\\\/\\\/ident-offenbach.de\\\/#organization\",\"name\":\"Zahnarztpraxis iDent Thomas Balogh und Kollegen\",\"url\":\"https:\\\/\\\/ident-offenbach.de\\\/\",\"logo\":{\"@type\":\"ImageObject\",\"inLanguage\":\"en-GB\",\"@id\":\"https:\\\/\\\/ident-offenbach.de\\\/#\\\/schema\\\/logo\\\/image\\\/\",\"url\":\"https:\\\/\\\/ident-offenbach.de\\\/wp-content\\\/uploads\\\/2022\\\/04\\\/ident-logo.png\",\"contentUrl\":\"https:\\\/\\\/ident-offenbach.de\\\/wp-content\\\/uploads\\\/2022\\\/04\\\/ident-logo.png\",\"width\":627,\"height\":283,\"caption\":\"Zahnarztpraxis iDent Thomas Balogh und Kollegen\"},\"image\":{\"@id\":\"https:\\\/\\\/ident-offenbach.de\\\/#\\\/schema\\\/logo\\\/image\\\/\"},\"sameAs\":[\"https:\\\/\\\/www.facebook.com\\\/ZahnarztpraxisiDent\\\/\",\"https:\\\/\\\/www.instagram.com\\\/zahnarztpraxis_ident\\\/\"]}]}<\/script>\n<!-- \/ Yoast SEO plugin. -->","yoast_head_json":{"title":"Sie haben noch Fragen?","robots":{"index":"index","follow":"follow","max-snippet":"max-snippet:-1","max-image-preview":"max-image-preview:large","max-video-preview":"max-video-preview:-1"},"canonical":"https:\/\/ident-offenbach.de\/en\/ich-habe-eine-frage\/","og_locale":"en_GB","og_type":"article","og_title":"Sie haben noch Fragen?","og_url":"https:\/\/ident-offenbach.de\/en\/ich-habe-eine-frage\/","og_site_name":"Zahnarzt Offenbach Bieber | Zahnarztpraxis iDent","article_publisher":"https:\/\/www.facebook.com\/ZahnarztpraxisiDent\/","article_modified_time":"2022-06-14T09:57:10+00:00","twitter_card":"summary_large_image","twitter_misc":{"Estimated reading time":"1 minute"},"schema":{"@context":"https:\/\/schema.org","@graph":[{"@type":"WebPage","@id":"https:\/\/ident-offenbach.de\/ich-habe-eine-frage\/","url":"https:\/\/ident-offenbach.de\/ich-habe-eine-frage\/","name":"Sie haben noch Fragen?","isPartOf":{"@id":"https:\/\/ident-offenbach.de\/#website"},"datePublished":"2022-03-22T09:19:36+00:00","dateModified":"2022-06-14T09:57:10+00:00","breadcrumb":{"@id":"https:\/\/ident-offenbach.de\/ich-habe-eine-frage\/#breadcrumb"},"inLanguage":"en-GB","potentialAction":[{"@type":"ReadAction","target":["https:\/\/ident-offenbach.de\/ich-habe-eine-frage\/"]}]},{"@type":"BreadcrumbList","@id":"https:\/\/ident-offenbach.de\/ich-habe-eine-frage\/#breadcrumb","itemListElement":[{"@type":"ListItem","position":1,"name":"Startseite","item":"https:\/\/ident-offenbach.de\/"},{"@type":"ListItem","position":2,"name":"Ich habe eine Frage"}]},{"@type":"WebSite","@id":"https:\/\/ident-offenbach.de\/#website","url":"https:\/\/ident-offenbach.de\/","name":"Zahnarzt Offenbach Bieber | Zahnarztpraxis iDent","description":"Thomas Balogh &amp; Kollegen","publisher":{"@id":"https:\/\/ident-offenbach.de\/#organization"},"potentialAction":[{"@type":"SearchAction","target":{"@type":"EntryPoint","urlTemplate":"https:\/\/ident-offenbach.de\/?s={search_term_string}"},"query-input":{"@type":"PropertyValueSpecification","valueRequired":true,"valueName":"search_term_string"}}],"inLanguage":"en-GB"},{"@type":"Organization","@id":"https:\/\/ident-offenbach.de\/#organization","name":"Zahnarztpraxis iDent Thomas Balogh und Kollegen","url":"https:\/\/ident-offenbach.de\/","logo":{"@type":"ImageObject","inLanguage":"en-GB","@id":"https:\/\/ident-offenbach.de\/#\/schema\/logo\/image\/","url":"https:\/\/ident-offenbach.de\/wp-content\/uploads\/2022\/04\/ident-logo.png","contentUrl":"https:\/\/ident-offenbach.de\/wp-content\/uploads\/2022\/04\/ident-logo.png","width":627,"height":283,"caption":"Zahnarztpraxis iDent Thomas Balogh und Kollegen"},"image":{"@id":"https:\/\/ident-offenbach.de\/#\/schema\/logo\/image\/"},"sameAs":["https:\/\/www.facebook.com\/ZahnarztpraxisiDent\/","https:\/\/www.instagram.com\/zahnarztpraxis_ident\/"]}]}},"_links":{"self":[{"href":"https:\/\/ident-offenbach.de\/en\/wp-json\/wp\/v2\/pages\/1502","targetHints":{"allow":["GET"]}}],"collection":[{"href":"https:\/\/ident-offenbach.de\/en\/wp-json\/wp\/v2\/pages"}],"about":[{"href":"https:\/\/ident-offenbach.de\/en\/wp-json\/wp\/v2\/types\/page"}],"author":[{"embeddable":true,"href":"https:\/\/ident-offenbach.de\/en\/wp-json\/wp\/v2\/users\/2"}],"replies":[{"embeddable":true,"href":"https:\/\/ident-offenbach.de\/en\/wp-json\/wp\/v2\/comments?post=1502"}],"version-history":[{"count":8,"href":"https:\/\/ident-offenbach.de\/en\/wp-json\/wp\/v2\/pages\/1502\/revisions"}],"predecessor-version":[{"id":2926,"href":"https:\/\/ident-offenbach.de\/en\/wp-json\/wp\/v2\/pages\/1502\/revisions\/2926"}],"wp:attachment":[{"href":"https:\/\/ident-offenbach.de\/en\/wp-json\/wp\/v2\/media?parent=1502"}],"curies":[{"name":"wp","href":"https:\/\/api.w.org\/{rel}","templated":true}]}}